{"id":1254,"date":"2024-09-04T13:00:01","date_gmt":"2024-09-04T13:00:01","guid":{"rendered":"https:\/\/cabas.digy.gr\/?page_id=1254"},"modified":"2025-01-24T13:07:21","modified_gmt":"2025-01-24T13:07:21","slug":"sustainability","status":"publish","type":"page","link":"https:\/\/cabas.gr\/fr\/sustainability\/","title":{"rendered":"SUSTAINABILITY"},"content":{"rendered":"<div data-elementor-type=\"wp-page\" data-elementor-id=\"1254\" class=\"elementor elementor-1254\" data-elementor-post-type=\"page\">\n\t\t\t\t<div class=\"elementor-element elementor-element-77f89ea e-flex e-con-boxed e-con e-parent\" data-id=\"77f89ea\" data-element_type=\"container\" data-settings=\"{&quot;jet_parallax_layout_list&quot;:[]}\">\n\t\t\t\t\t<div class=\"e-con-inner\">\n\t\t\t\t<div class=\"elementor-element elementor-element-cf7ed7f elementor-widget elementor-widget-heading\" data-id=\"cf7ed7f\" data-element_type=\"widget\" data-widget_type=\"heading.default\">\n\t\t\t\t<div class=\"elementor-widget-container\">\n\t\t\t\t\t<h2 class=\"elementor-heading-title elementor-size-default\">DURABILIT\u00c9<\/h2>\t\t\t\t<\/div>\n\t\t\t\t<\/div>\n\t\t\t\t<div class=\"elementor-element elementor-element-400935f elementor-widget__width-initial elementor-widget elementor-widget-text-editor\" data-id=\"400935f\" data-element_type=\"widget\" data-widget_type=\"text-editor.default\">\n\t\t\t\t<div class=\"elementor-widget-container\">\n\t\t\t\t\t\t\t\t\t<p>Nous prot\u00e9geons l'environnement en adoptant des solutions innovantes et durables et des pratiques responsables, en promouvant l'utilisation de mat\u00e9riaux \u00e9cologiques et en investissant dans les nouvelles technologies dans une optique de durabilit\u00e9, contribuant ainsi \u00e0 un avenir meilleur pour tous.<\/p>\t\t\t\t\t\t\t\t<\/div>\n\t\t\t\t<\/div>\n\t\t\t\t\t<\/div>\n\t\t\t\t<\/div>\n\t\t<div class=\"elementor-element elementor-element-de44181 e-flex e-con-boxed e-con e-parent\" data-id=\"de44181\" data-element_type=\"container\" data-settings=\"{&quot;background_background&quot;:&quot;classic&quot;,&quot;jet_parallax_layout_list&quot;:[]}\">\n\t\t\t\t\t<div class=\"e-con-inner\">\n\t\t\t\t\t<\/div>\n\t\t\t\t<\/div>\n\t\t<div class=\"elementor-element elementor-element-400d954 e-flex e-con-boxed e-con e-parent\" data-id=\"400d954\" data-element_type=\"container\" data-settings=\"{&quot;jet_parallax_layout_list&quot;:[]}\">\n\t\t\t\t\t<div class=\"e-con-inner\">\n\t\t<div class=\"elementor-element elementor-element-21b56d3 e-con-full e-flex e-con e-child\" data-id=\"21b56d3\" data-element_type=\"container\" data-settings=\"{&quot;jet_parallax_layout_list&quot;:[]}\">\n\t\t<div class=\"elementor-element elementor-element-6135059 e-con-full e-flex e-con e-child\" data-id=\"6135059\" data-element_type=\"container\" data-settings=\"{&quot;jet_parallax_layout_list&quot;:[]}\">\n\t\t\t\t<div class=\"elementor-element elementor-element-35b4f63 elementor-widget elementor-widget-image\" data-id=\"35b4f63\" data-element_type=\"widget\" data-widget_type=\"image.default\">\n\t\t\t\t<div class=\"elementor-widget-container\">\n\t\t\t\t\t\t\t\t\t\t\t\t\t\t\t<img fetchpriority=\"high\" decoding=\"async\" width=\"1380\" height=\"1054\" src=\"https:\/\/cabas.gr\/wp-content\/uploads\/2024\/09\/Group-97.png\" class=\"attachment-full size-full wp-image-1259\" alt=\"\" srcset=\"https:\/\/cabas.gr\/wp-content\/uploads\/2024\/09\/Group-97.png 1380w, https:\/\/cabas.gr\/wp-content\/uploads\/2024\/09\/Group-97-300x229.png 300w, https:\/\/cabas.gr\/wp-content\/uploads\/2024\/09\/Group-97-1024x782.png 1024w, https:\/\/cabas.gr\/wp-content\/uploads\/2024\/09\/Group-97-768x587.png 768w\" sizes=\"(max-width: 1380px) 100vw, 1380px\" \/>\t\t\t\t\t\t\t\t\t\t\t\t\t\t\t<\/div>\n\t\t\t\t<\/div>\n\t\t\t\t<\/div>\n\t\t<div class=\"elementor-element elementor-element-c9d7c15 e-con-full e-flex e-con e-child\" data-id=\"c9d7c15\" data-element_type=\"container\" data-settings=\"{&quot;jet_parallax_layout_list&quot;:[]}\">\n\t\t\t\t<div class=\"elementor-element elementor-element-0e3e846 elementor-widget elementor-widget-heading\" data-id=\"0e3e846\" data-element_type=\"widget\" data-widget_type=\"heading.default\">\n\t\t\t\t<div class=\"elementor-widget-container\">\n\t\t\t\t\t<h2 class=\"elementor-heading-title elementor-size-default\">Notre agenda\n<\/h2>\t\t\t\t<\/div>\n\t\t\t\t<\/div>\n\t\t\t\t<div class=\"elementor-element elementor-element-f2e32f0 elementor-widget__width-initial elementor-widget elementor-widget-text-editor\" data-id=\"f2e32f0\" data-element_type=\"widget\" data-widget_type=\"text-editor.default\">\n\t\t\t\t<div class=\"elementor-widget-container\">\n\t\t\t\t\t\t\t\t\t<p>Notre engagement en faveur du d\u00e9veloppement durable est au c\u0153ur de toutes nos activit\u00e9s. Nous investissons dans des mat\u00e9riaux respectueux de l'environnement, adoptons des pratiques de production durables et nous effor\u00e7ons de r\u00e9duire notre empreinte \u00e9cologique. Notre objectif est de cr\u00e9er des \u00e9tiquettes qui non seulement mettent en valeur votre produit, mais contribuent \u00e9galement \u00e0 rendre la plan\u00e8te plus verte. Nous pensons que l'innovation et le d\u00e9veloppement durable peuvent aller de pair, et nous travaillons avec vous pour vous proposer des solutions qui respectent \u00e0 la fois votre produit et l'environnement.<\/p>\t\t\t\t\t\t\t\t<\/div>\n\t\t\t\t<\/div>\n\t\t\t\t<\/div>\n\t\t\t\t<\/div>\n\t\t<div class=\"elementor-element elementor-element-8cd750a e-con-full e-flex e-con e-child\" data-id=\"8cd750a\" data-element_type=\"container\" data-settings=\"{&quot;jet_parallax_layout_list&quot;:[]}\">\n\t\t<div class=\"elementor-element elementor-element-142ab41 e-con-full e-flex e-con e-child\" data-id=\"142ab41\" data-element_type=\"container\" data-settings=\"{&quot;jet_parallax_layout_list&quot;:[]}\">\n\t\t\t\t<div class=\"elementor-element elementor-element-230e997 elementor-widget elementor-widget-image\" data-id=\"230e997\" data-element_type=\"widget\" data-widget_type=\"image.default\">\n\t\t\t\t<div class=\"elementor-widget-container\">\n\t\t\t\t\t\t\t\t\t\t\t\t\t\t\t<img decoding=\"async\" width=\"1380\" height=\"1054\" src=\"https:\/\/cabas.gr\/wp-content\/uploads\/2024\/09\/Group-99.png\" class=\"attachment-full size-full wp-image-1261\" alt=\"\" srcset=\"https:\/\/cabas.gr\/wp-content\/uploads\/2024\/09\/Group-99.png 1380w, https:\/\/cabas.gr\/wp-content\/uploads\/2024\/09\/Group-99-300x229.png 300w, https:\/\/cabas.gr\/wp-content\/uploads\/2024\/09\/Group-99-1024x782.png 1024w, https:\/\/cabas.gr\/wp-content\/uploads\/2024\/09\/Group-99-768x587.png 768w\" sizes=\"(max-width: 1380px) 100vw, 1380px\" \/>\t\t\t\t\t\t\t\t\t\t\t\t\t\t\t<\/div>\n\t\t\t\t<\/div>\n\t\t\t\t<\/div>\n\t\t<div class=\"elementor-element elementor-element-f1ecbb8 e-con-full e-flex e-con e-child\" data-id=\"f1ecbb8\" data-element_type=\"container\" data-settings=\"{&quot;jet_parallax_layout_list&quot;:[]}\">\n\t\t\t\t<div class=\"elementor-element elementor-element-36144dc elementor-widget elementor-widget-heading\" data-id=\"36144dc\" data-element_type=\"widget\" data-widget_type=\"heading.default\">\n\t\t\t\t<div class=\"elementor-widget-container\">\n\t\t\t\t\t<h2 class=\"elementor-heading-title elementor-size-default\">Utilisation de mat\u00e9riaux \u00e9cologiques dans les \u00e9tiquettes\n<\/h2>\t\t\t\t<\/div>\n\t\t\t\t<\/div>\n\t\t\t\t<div class=\"elementor-element elementor-element-f1f1ba6 elementor-widget__width-initial elementor-widget elementor-widget-text-editor\" data-id=\"f1f1ba6\" data-element_type=\"widget\" data-widget_type=\"text-editor.default\">\n\t\t\t\t<div class=\"elementor-widget-container\">\n\t\t\t\t\t\t\t\t\t<p>Notre objectif premier est d'utiliser des mat\u00e9riaux qui respectent l'environnement, sans sacrifier la qualit\u00e9 ou l'esth\u00e9tique. Nous choisissons des mat\u00e9riaux recyclables et biod\u00e9gradables, ainsi que des encres \u00e0 faible empreinte \u00e9cologique, afin que chaque \u00e9tiquette que nous produisons contribue \u00e0 une cha\u00eene de valeur plus durable. Qu'il s'agisse de papier provenant de sources certifi\u00e9es FSC ou de mat\u00e9riaux innovants issus de sources renouvelables, notre priorit\u00e9 est de fournir des solutions qui soutiennent vos valeurs \u00e9cologiques.<\/p>\t\t\t\t\t\t\t\t<\/div>\n\t\t\t\t<\/div>\n\t\t\t\t<\/div>\n\t\t\t\t<\/div>\n\t\t<div class=\"elementor-element elementor-element-b4c6155 e-con-full e-flex e-con e-child\" data-id=\"b4c6155\" data-element_type=\"container\" data-settings=\"{&quot;jet_parallax_layout_list&quot;:[]}\">\n\t\t<div class=\"elementor-element elementor-element-236b4af e-con-full e-flex e-con e-child\" data-id=\"236b4af\" data-element_type=\"container\" data-settings=\"{&quot;jet_parallax_layout_list&quot;:[]}\">\n\t\t\t\t<div class=\"elementor-element elementor-element-60afb1e elementor-widget elementor-widget-image\" data-id=\"60afb1e\" data-element_type=\"widget\" data-widget_type=\"image.default\">\n\t\t\t\t<div class=\"elementor-widget-container\">\n\t\t\t\t\t\t\t\t\t\t\t\t\t\t\t<img decoding=\"async\" width=\"1380\" height=\"1054\" src=\"https:\/\/cabas.gr\/wp-content\/uploads\/2024\/09\/Group-100.png\" class=\"attachment-full size-full wp-image-1267\" alt=\"\" srcset=\"https:\/\/cabas.gr\/wp-content\/uploads\/2024\/09\/Group-100.png 1380w, https:\/\/cabas.gr\/wp-content\/uploads\/2024\/09\/Group-100-300x229.png 300w, https:\/\/cabas.gr\/wp-content\/uploads\/2024\/09\/Group-100-1024x782.png 1024w, https:\/\/cabas.gr\/wp-content\/uploads\/2024\/09\/Group-100-768x587.png 768w\" sizes=\"(max-width: 1380px) 100vw, 1380px\" \/>\t\t\t\t\t\t\t\t\t\t\t\t\t\t\t<\/div>\n\t\t\t\t<\/div>\n\t\t\t\t<\/div>\n\t\t<div class=\"elementor-element elementor-element-5b57923 e-con-full e-flex e-con e-child\" data-id=\"5b57923\" data-element_type=\"container\" data-settings=\"{&quot;jet_parallax_layout_list&quot;:[]}\">\n\t\t\t\t<div class=\"elementor-element elementor-element-1ea6ac4 elementor-widget elementor-widget-heading\" data-id=\"1ea6ac4\" data-element_type=\"widget\" data-widget_type=\"heading.default\">\n\t\t\t\t<div class=\"elementor-widget-container\">\n\t\t\t\t\t<h2 class=\"elementor-heading-title elementor-size-default\">L'innovation pour un avenir durable\n<\/h2>\t\t\t\t<\/div>\n\t\t\t\t<\/div>\n\t\t\t\t<div class=\"elementor-element elementor-element-0009b28 elementor-widget__width-initial elementor-widget elementor-widget-text-editor\" data-id=\"0009b28\" data-element_type=\"widget\" data-widget_type=\"text-editor.default\">\n\t\t\t\t<div class=\"elementor-widget-container\">\n\t\t\t\t\t\t\t\t\t<p>Au c\u0153ur de notre philosophie se trouve la recherche constante de solutions innovantes qui allient fonctionnalit\u00e9 et durabilit\u00e9. Nous investissons dans des technologies de pointe pour produire des \u00e9tiquettes dont l'empreinte \u00e9nerg\u00e9tique est moindre, tout en d\u00e9veloppant des pratiques qui r\u00e9duisent les d\u00e9chets mat\u00e9riels. Parall\u00e8lement, nous nous adaptons aux besoins de chaque client, en proposant des solutions sur mesure qui augmentent la valeur des produits tout en contribuant \u00e0 une plan\u00e8te plus verte.<\/p>\t\t\t\t\t\t\t\t<\/div>\n\t\t\t\t<\/div>\n\t\t\t\t<\/div>\n\t\t\t\t<\/div>\n\t\t\t\t\t<\/div>\n\t\t\t\t<\/div>\n\t\t\t\t<\/div>","protected":false},"excerpt":{"rendered":"<p>\u0392\u0399\u03a9\u03a3\u0399\u039c\u039f\u03a4\u0397\u03a4\u0391 \u03a0\u03c1\u03bf\u03c3\u03c4\u03b1\u03c4\u03b5\u03cd\u03bf\u03c5\u03bc\u03b5 \u03c4\u03bf \u03c0\u03b5\u03c1\u03b9\u03b2\u03ac\u03bb\u03bb\u03bf\u03bd, \u03c5\u03b9\u03bf\u03b8\u03b5\u03c4\u03ce\u03bd\u03c4\u03b1\u03c2 \u03ba\u03b1\u03b9\u03bd\u03bf\u03c4\u03cc\u03bc\u03b5\u03c2, \u03b2\u03b9\u03ce\u03c3\u03b9\u03bc\u03b5\u03c2 \u03bb\u03cd\u03c3\u03b5\u03b9\u03c2 \u03ba\u03b1\u03b9 \u03c5\u03c0\u03b5\u03cd\u03b8\u03c5\u03bd\u03b5\u03c2 \u03c0\u03c1\u03b1\u03ba\u03c4\u03b9\u03ba\u03ad\u03c2, \u03c0\u03c1\u03bf\u03c9\u03b8\u03bf\u03cd\u03bc\u03b5 \u03c4\u03b7 \u03c7\u03c1\u03ae\u03c3\u03b7 \u03bf\u03b9\u03ba\u03bf\u03bb\u03bf\u03b3\u03b9\u03ba\u03ce\u03bd \u03c5\u03bb\u03b9\u03ba\u03ce\u03bd \u03ba\u03b1\u03b9 \u03b5\u03c0\u03b5\u03bd\u03b4\u03cd\u03bf\u03c5\u03bc\u03b5 \u03c3\u03b5 \u03bd\u03ad\u03b5\u03c2 \u03c4\u03b5\u03c7\u03bd\u03bf\u03bb\u03bf\u03b3\u03af\u03b5\u03c2 \u03bc\u03b5 \u03b3\u03bd\u03ce\u03bc\u03bf\u03bd\u03b1 \u03c4\u03b7\u03bd \u03b1\u03b5\u03b9\u03c6\u03bf\u03c1\u03af\u03b1, \u03c3\u03c5\u03bc\u03b2\u03ac\u03bb\u03bb\u03bf\u03bd\u03c4\u03b1\u03c2 \u03ad\u03c4\u03c3\u03b9 \u03c3\u0384\u03ad\u03bd\u03b1 \u03ba\u03b1\u03bb\u03cd\u03c4\u03b5\u03c1\u03bf \u03bc\u03ad\u03bb\u03bb\u03bf\u03bd \u03b3\u03b9\u03b1 \u03cc\u03bb\u03bf\u03c5\u03c2. \u0397 \u0391\u03c4\u03b6\u03ad\u03bd\u03c4\u03b1 \u03bc\u03b1\u03c2 \u0397 \u03b4\u03ad\u03c3\u03bc\u03b5\u03c5\u03c3\u03ae \u03bc\u03b1\u03c2 \u03b3\u03b9\u03b1 \u03b2\u03b9\u03c9\u03c3\u03b9\u03bc\u03cc\u03c4\u03b7\u03c4\u03b1 \u03b2\u03c1\u03af\u03c3\u03ba\u03b5\u03c4\u03b1\u03b9 \u03c3\u03c4\u03bf \u03b5\u03c0\u03af\u03ba\u03b5\u03bd\u03c4\u03c1\u03bf \u03ba\u03ac\u03b8\u03b5 \u03bc\u03b1\u03c2 \u03b4\u03c1\u03ac\u03c3\u03b7\u03c2. \u0395\u03c0\u03b5\u03bd\u03b4\u03cd\u03bf\u03c5\u03bc\u03b5 \u03c3\u03b5 \u03c6\u03b9\u03bb\u03b9\u03ba\u03ac \u03c0\u03c1\u03bf\u03c2 \u03c4\u03bf \u03c0\u03b5\u03c1\u03b9\u03b2\u03ac\u03bb\u03bb\u03bf\u03bd \u03c5\u03bb\u03b9\u03ba\u03ac, \u03c5\u03b9\u03bf\u03b8\u03b5\u03c4\u03bf\u03cd\u03bc\u03b5 \u03b2\u03b9\u03ce\u03c3\u03b9\u03bc\u03b5\u03c2 [&hellip;]<\/p>","protected":false},"author":2,"featured_media":0,"parent":0,"menu_order":10,"comment_status":"closed","ping_status":"closed","template":"","meta":{"_acf_changed":false,"footnotes":""},"class_list":["post-1254","page","type-page","status-publish","hentry"],"acf":[],"yoast_head":"<!-- This site is optimized with the Yoast SEO plugin v26.6 - https:\/\/yoast.com\/wordpress\/plugins\/seo\/ -->\n<title>SUSTAINABILITY - Cabas.gr<\/title>\n<meta name=\"robots\" content=\"index, follow, max-snippet:-1, max-image-preview:large, max-video-preview:-1\" \/>\n<link rel=\"canonical\" href=\"https:\/\/cabas.gr\/fr\/sustainability\/\" \/>\n<meta property=\"og:locale\" content=\"fr_FR\" \/>\n<meta property=\"og:type\" content=\"article\" \/>\n<meta property=\"og:title\" content=\"SUSTAINABILITY - Cabas.gr\" \/>\n<meta property=\"og:description\" content=\"\u0392\u0399\u03a9\u03a3\u0399\u039c\u039f\u03a4\u0397\u03a4\u0391 \u03a0\u03c1\u03bf\u03c3\u03c4\u03b1\u03c4\u03b5\u03cd\u03bf\u03c5\u03bc\u03b5 \u03c4\u03bf \u03c0\u03b5\u03c1\u03b9\u03b2\u03ac\u03bb\u03bb\u03bf\u03bd, \u03c5\u03b9\u03bf\u03b8\u03b5\u03c4\u03ce\u03bd\u03c4\u03b1\u03c2 \u03ba\u03b1\u03b9\u03bd\u03bf\u03c4\u03cc\u03bc\u03b5\u03c2, \u03b2\u03b9\u03ce\u03c3\u03b9\u03bc\u03b5\u03c2 \u03bb\u03cd\u03c3\u03b5\u03b9\u03c2 \u03ba\u03b1\u03b9 \u03c5\u03c0\u03b5\u03cd\u03b8\u03c5\u03bd\u03b5\u03c2 \u03c0\u03c1\u03b1\u03ba\u03c4\u03b9\u03ba\u03ad\u03c2, \u03c0\u03c1\u03bf\u03c9\u03b8\u03bf\u03cd\u03bc\u03b5 \u03c4\u03b7 \u03c7\u03c1\u03ae\u03c3\u03b7 \u03bf\u03b9\u03ba\u03bf\u03bb\u03bf\u03b3\u03b9\u03ba\u03ce\u03bd \u03c5\u03bb\u03b9\u03ba\u03ce\u03bd \u03ba\u03b1\u03b9 \u03b5\u03c0\u03b5\u03bd\u03b4\u03cd\u03bf\u03c5\u03bc\u03b5 \u03c3\u03b5 \u03bd\u03ad\u03b5\u03c2 \u03c4\u03b5\u03c7\u03bd\u03bf\u03bb\u03bf\u03b3\u03af\u03b5\u03c2 \u03bc\u03b5 \u03b3\u03bd\u03ce\u03bc\u03bf\u03bd\u03b1 \u03c4\u03b7\u03bd \u03b1\u03b5\u03b9\u03c6\u03bf\u03c1\u03af\u03b1, \u03c3\u03c5\u03bc\u03b2\u03ac\u03bb\u03bb\u03bf\u03bd\u03c4\u03b1\u03c2 \u03ad\u03c4\u03c3\u03b9 \u03c3\u0384\u03ad\u03bd\u03b1 \u03ba\u03b1\u03bb\u03cd\u03c4\u03b5\u03c1\u03bf \u03bc\u03ad\u03bb\u03bb\u03bf\u03bd \u03b3\u03b9\u03b1 \u03cc\u03bb\u03bf\u03c5\u03c2. \u0397 \u0391\u03c4\u03b6\u03ad\u03bd\u03c4\u03b1 \u03bc\u03b1\u03c2 \u0397 \u03b4\u03ad\u03c3\u03bc\u03b5\u03c5\u03c3\u03ae \u03bc\u03b1\u03c2 \u03b3\u03b9\u03b1 \u03b2\u03b9\u03c9\u03c3\u03b9\u03bc\u03cc\u03c4\u03b7\u03c4\u03b1 \u03b2\u03c1\u03af\u03c3\u03ba\u03b5\u03c4\u03b1\u03b9 \u03c3\u03c4\u03bf \u03b5\u03c0\u03af\u03ba\u03b5\u03bd\u03c4\u03c1\u03bf \u03ba\u03ac\u03b8\u03b5 \u03bc\u03b1\u03c2 \u03b4\u03c1\u03ac\u03c3\u03b7\u03c2. \u0395\u03c0\u03b5\u03bd\u03b4\u03cd\u03bf\u03c5\u03bc\u03b5 \u03c3\u03b5 \u03c6\u03b9\u03bb\u03b9\u03ba\u03ac \u03c0\u03c1\u03bf\u03c2 \u03c4\u03bf \u03c0\u03b5\u03c1\u03b9\u03b2\u03ac\u03bb\u03bb\u03bf\u03bd \u03c5\u03bb\u03b9\u03ba\u03ac, \u03c5\u03b9\u03bf\u03b8\u03b5\u03c4\u03bf\u03cd\u03bc\u03b5 \u03b2\u03b9\u03ce\u03c3\u03b9\u03bc\u03b5\u03c2 [&hellip;]\" \/>\n<meta property=\"og:url\" content=\"https:\/\/cabas.gr\/fr\/sustainability\/\" \/>\n<meta property=\"og:site_name\" content=\"Cabas.gr\" \/>\n<meta property=\"article:modified_time\" content=\"2025-01-24T13:07:21+00:00\" \/>\n<meta property=\"og:image\" content=\"https:\/\/cabas.gr\/wp-content\/uploads\/2024\/09\/Group-97.png\" \/>\n<meta name=\"twitter:card\" content=\"summary_large_image\" \/>\n<meta name=\"twitter:label1\" content=\"Dur\u00e9e de lecture estim\u00e9e\" \/>\n\t<meta name=\"twitter:data1\" content=\"2 minutes\" \/>\n<script type=\"application\/ld+json\" class=\"yoast-schema-graph\">{\"@context\":\"https:\/\/schema.org\",\"@graph\":[{\"@type\":\"WebPage\",\"@id\":\"https:\/\/cabas.gr\/sustainability\/\",\"url\":\"https:\/\/cabas.gr\/sustainability\/\",\"name\":\"SUSTAINABILITY - Cabas.gr\",\"isPartOf\":{\"@id\":\"https:\/\/cabas.gr\/#website\"},\"primaryImageOfPage\":{\"@id\":\"https:\/\/cabas.gr\/sustainability\/#primaryimage\"},\"image\":{\"@id\":\"https:\/\/cabas.gr\/sustainability\/#primaryimage\"},\"thumbnailUrl\":\"https:\/\/cabas.gr\/wp-content\/uploads\/2024\/09\/Group-97.png\",\"datePublished\":\"2024-09-04T13:00:01+00:00\",\"dateModified\":\"2025-01-24T13:07:21+00:00\",\"breadcrumb\":{\"@id\":\"https:\/\/cabas.gr\/sustainability\/#breadcrumb\"},\"inLanguage\":\"fr-FR\",\"potentialAction\":[{\"@type\":\"ReadAction\",\"target\":[\"https:\/\/cabas.gr\/sustainability\/\"]}]},{\"@type\":\"ImageObject\",\"inLanguage\":\"fr-FR\",\"@id\":\"https:\/\/cabas.gr\/sustainability\/#primaryimage\",\"url\":\"https:\/\/cabas.gr\/wp-content\/uploads\/2024\/09\/Group-97.png\",\"contentUrl\":\"https:\/\/cabas.gr\/wp-content\/uploads\/2024\/09\/Group-97.png\"},{\"@type\":\"BreadcrumbList\",\"@id\":\"https:\/\/cabas.gr\/sustainability\/#breadcrumb\",\"itemListElement\":[{\"@type\":\"ListItem\",\"position\":1,\"name\":\"Industries\",\"item\":\"https:\/\/cabas.gr\/\"},{\"@type\":\"ListItem\",\"position\":2,\"name\":\"SUSTAINABILITY\"}]},{\"@type\":\"WebSite\",\"@id\":\"https:\/\/cabas.gr\/#website\",\"url\":\"https:\/\/cabas.gr\/\",\"name\":\"Cabas.gr\",\"description\":\"\",\"potentialAction\":[{\"@type\":\"SearchAction\",\"target\":{\"@type\":\"EntryPoint\",\"urlTemplate\":\"https:\/\/cabas.gr\/?s={search_term_string}\"},\"query-input\":{\"@type\":\"PropertyValueSpecification\",\"valueRequired\":true,\"valueName\":\"search_term_string\"}}],\"inLanguage\":\"fr-FR\"}]}<\/script>\n<!-- \/ Yoast SEO plugin. -->","yoast_head_json":{"title":"SUSTAINABILITY - Cabas.gr","robots":{"index":"index","follow":"follow","max-snippet":"max-snippet:-1","max-image-preview":"max-image-preview:large","max-video-preview":"max-video-preview:-1"},"canonical":"https:\/\/cabas.gr\/fr\/sustainability\/","og_locale":"fr_FR","og_type":"article","og_title":"SUSTAINABILITY - Cabas.gr","og_description":"\u0392\u0399\u03a9\u03a3\u0399\u039c\u039f\u03a4\u0397\u03a4\u0391 \u03a0\u03c1\u03bf\u03c3\u03c4\u03b1\u03c4\u03b5\u03cd\u03bf\u03c5\u03bc\u03b5 \u03c4\u03bf \u03c0\u03b5\u03c1\u03b9\u03b2\u03ac\u03bb\u03bb\u03bf\u03bd, \u03c5\u03b9\u03bf\u03b8\u03b5\u03c4\u03ce\u03bd\u03c4\u03b1\u03c2 \u03ba\u03b1\u03b9\u03bd\u03bf\u03c4\u03cc\u03bc\u03b5\u03c2, \u03b2\u03b9\u03ce\u03c3\u03b9\u03bc\u03b5\u03c2 \u03bb\u03cd\u03c3\u03b5\u03b9\u03c2 \u03ba\u03b1\u03b9 \u03c5\u03c0\u03b5\u03cd\u03b8\u03c5\u03bd\u03b5\u03c2 \u03c0\u03c1\u03b1\u03ba\u03c4\u03b9\u03ba\u03ad\u03c2, \u03c0\u03c1\u03bf\u03c9\u03b8\u03bf\u03cd\u03bc\u03b5 \u03c4\u03b7 \u03c7\u03c1\u03ae\u03c3\u03b7 \u03bf\u03b9\u03ba\u03bf\u03bb\u03bf\u03b3\u03b9\u03ba\u03ce\u03bd \u03c5\u03bb\u03b9\u03ba\u03ce\u03bd \u03ba\u03b1\u03b9 \u03b5\u03c0\u03b5\u03bd\u03b4\u03cd\u03bf\u03c5\u03bc\u03b5 \u03c3\u03b5 \u03bd\u03ad\u03b5\u03c2 \u03c4\u03b5\u03c7\u03bd\u03bf\u03bb\u03bf\u03b3\u03af\u03b5\u03c2 \u03bc\u03b5 \u03b3\u03bd\u03ce\u03bc\u03bf\u03bd\u03b1 \u03c4\u03b7\u03bd \u03b1\u03b5\u03b9\u03c6\u03bf\u03c1\u03af\u03b1, \u03c3\u03c5\u03bc\u03b2\u03ac\u03bb\u03bb\u03bf\u03bd\u03c4\u03b1\u03c2 \u03ad\u03c4\u03c3\u03b9 \u03c3\u0384\u03ad\u03bd\u03b1 \u03ba\u03b1\u03bb\u03cd\u03c4\u03b5\u03c1\u03bf \u03bc\u03ad\u03bb\u03bb\u03bf\u03bd \u03b3\u03b9\u03b1 \u03cc\u03bb\u03bf\u03c5\u03c2. \u0397 \u0391\u03c4\u03b6\u03ad\u03bd\u03c4\u03b1 \u03bc\u03b1\u03c2 \u0397 \u03b4\u03ad\u03c3\u03bc\u03b5\u03c5\u03c3\u03ae \u03bc\u03b1\u03c2 \u03b3\u03b9\u03b1 \u03b2\u03b9\u03c9\u03c3\u03b9\u03bc\u03cc\u03c4\u03b7\u03c4\u03b1 \u03b2\u03c1\u03af\u03c3\u03ba\u03b5\u03c4\u03b1\u03b9 \u03c3\u03c4\u03bf \u03b5\u03c0\u03af\u03ba\u03b5\u03bd\u03c4\u03c1\u03bf \u03ba\u03ac\u03b8\u03b5 \u03bc\u03b1\u03c2 \u03b4\u03c1\u03ac\u03c3\u03b7\u03c2. \u0395\u03c0\u03b5\u03bd\u03b4\u03cd\u03bf\u03c5\u03bc\u03b5 \u03c3\u03b5 \u03c6\u03b9\u03bb\u03b9\u03ba\u03ac \u03c0\u03c1\u03bf\u03c2 \u03c4\u03bf \u03c0\u03b5\u03c1\u03b9\u03b2\u03ac\u03bb\u03bb\u03bf\u03bd \u03c5\u03bb\u03b9\u03ba\u03ac, \u03c5\u03b9\u03bf\u03b8\u03b5\u03c4\u03bf\u03cd\u03bc\u03b5 \u03b2\u03b9\u03ce\u03c3\u03b9\u03bc\u03b5\u03c2 [&hellip;]","og_url":"https:\/\/cabas.gr\/fr\/sustainability\/","og_site_name":"Cabas.gr","article_modified_time":"2025-01-24T13:07:21+00:00","og_image":[{"url":"https:\/\/cabas.gr\/wp-content\/uploads\/2024\/09\/Group-97.png","type":"","width":"","height":""}],"twitter_card":"summary_large_image","twitter_misc":{"Dur\u00e9e de lecture estim\u00e9e":"2 minutes"},"schema":{"@context":"https:\/\/schema.org","@graph":[{"@type":"WebPage","@id":"https:\/\/cabas.gr\/sustainability\/","url":"https:\/\/cabas.gr\/sustainability\/","name":"SUSTAINABILITY - Cabas.gr","isPartOf":{"@id":"https:\/\/cabas.gr\/#website"},"primaryImageOfPage":{"@id":"https:\/\/cabas.gr\/sustainability\/#primaryimage"},"image":{"@id":"https:\/\/cabas.gr\/sustainability\/#primaryimage"},"thumbnailUrl":"https:\/\/cabas.gr\/wp-content\/uploads\/2024\/09\/Group-97.png","datePublished":"2024-09-04T13:00:01+00:00","dateModified":"2025-01-24T13:07:21+00:00","breadcrumb":{"@id":"https:\/\/cabas.gr\/sustainability\/#breadcrumb"},"inLanguage":"fr-FR","potentialAction":[{"@type":"ReadAction","target":["https:\/\/cabas.gr\/sustainability\/"]}]},{"@type":"ImageObject","inLanguage":"fr-FR","@id":"https:\/\/cabas.gr\/sustainability\/#primaryimage","url":"https:\/\/cabas.gr\/wp-content\/uploads\/2024\/09\/Group-97.png","contentUrl":"https:\/\/cabas.gr\/wp-content\/uploads\/2024\/09\/Group-97.png"},{"@type":"BreadcrumbList","@id":"https:\/\/cabas.gr\/sustainability\/#breadcrumb","itemListElement":[{"@type":"ListItem","position":1,"name":"Industries","item":"https:\/\/cabas.gr\/"},{"@type":"ListItem","position":2,"name":"SUSTAINABILITY"}]},{"@type":"WebSite","@id":"https:\/\/cabas.gr\/#website","url":"https:\/\/cabas.gr\/","name":"Cabas.gr","description":"","potentialAction":[{"@type":"SearchAction","target":{"@type":"EntryPoint","urlTemplate":"https:\/\/cabas.gr\/?s={search_term_string}"},"query-input":{"@type":"PropertyValueSpecification","valueRequired":true,"valueName":"search_term_string"}}],"inLanguage":"fr-FR"}]}},"_links":{"self":[{"href":"https:\/\/cabas.gr\/fr\/wp-json\/wp\/v2\/pages\/1254","targetHints":{"allow":["GET"]}}],"collection":[{"href":"https:\/\/cabas.gr\/fr\/wp-json\/wp\/v2\/pages"}],"about":[{"href":"https:\/\/cabas.gr\/fr\/wp-json\/wp\/v2\/types\/page"}],"author":[{"embeddable":true,"href":"https:\/\/cabas.gr\/fr\/wp-json\/wp\/v2\/users\/2"}],"replies":[{"embeddable":true,"href":"https:\/\/cabas.gr\/fr\/wp-json\/wp\/v2\/comments?post=1254"}],"version-history":[{"count":25,"href":"https:\/\/cabas.gr\/fr\/wp-json\/wp\/v2\/pages\/1254\/revisions"}],"predecessor-version":[{"id":2428,"href":"https:\/\/cabas.gr\/fr\/wp-json\/wp\/v2\/pages\/1254\/revisions\/2428"}],"wp:attachment":[{"href":"https:\/\/cabas.gr\/fr\/wp-json\/wp\/v2\/media?parent=1254"}],"curies":[{"name":"wp","href":"https:\/\/api.w.org\/{rel}","templated":true}]}}